{"id":6261,"date":"2025-08-22T17:05:09","date_gmt":"2025-08-22T14:05:09","guid":{"rendered":"https:\/\/rimgailaitecostume.lt\/?post_type=product&#038;p=6261"},"modified":"2025-08-22T17:05:34","modified_gmt":"2025-08-22T14:05:34","slug":"baltas-bomberis","status":"publish","type":"product","link":"https:\/\/rimgailaitecostume.lt\/en\/product\/baltas-bomberis\/","title":{"rendered":"White bomber"},"content":{"rendered":"","protected":false},"excerpt":{"rendered":"<p>An object of sustainable fashion. Bomber jacket made of crocheted worn textile.<\/p>\n<p>Value 650 e<\/p>","protected":false},"featured_media":6262,"template":"","meta":[],"product_cat":[63],"product_tag":[],"yoast_head":"<!-- This site is optimized with the Yoast SEO Premium plugin v21.4 (Yoast SEO v21.4) - https:\/\/yoast.com\/wordpress\/plugins\/seo\/ -->\n<title>Baltas bomberis - Rimgailaite costume<\/title>\n<meta name=\"robots\" content=\"index, follow, max-snippet:-1, max-image-preview:large, max-video-preview:-1\" \/>\n<link rel=\"canonical\" href=\"https:\/\/rimgailaitecostume.lt\/en\/product\/baltas-bomberis\/\" \/>\n<meta property=\"og:locale\" content=\"en_US\" \/>\n<meta property=\"og:type\" content=\"article\" \/>\n<meta property=\"og:title\" content=\"Baltas bomberis\" \/>\n<meta property=\"og:description\" content=\"Tvarios mados objektas. Bomberio tipo \u0161varkas pagamintas i\u0161 nertos d\u0117v\u0117tos tekstil\u0117s.  Vert\u0117 650 e\" \/>\n<meta property=\"og:url\" content=\"https:\/\/rimgailaitecostume.lt\/en\/product\/baltas-bomberis\/\" \/>\n<meta property=\"og:site_name\" content=\"Rimgailaite costume\" \/>\n<meta property=\"article:modified_time\" content=\"2025-08-22T14:05:34+00:00\" \/>\n<meta property=\"og:image\" content=\"https:\/\/rimgailaitecostume.lt\/wp-content\/uploads\/2025\/08\/Rimgailaite-men3280-1-copy-scaled.jpg\" \/>\n\t<meta property=\"og:image:width\" content=\"1707\" \/>\n\t<meta property=\"og:image:height\" content=\"2560\" \/>\n\t<meta property=\"og:image:type\" content=\"image\/jpeg\" \/>\n<meta name=\"twitter:card\" content=\"summary_large_image\" \/>\n<script type=\"application\/ld+json\" class=\"yoast-schema-graph\">{\"@context\":\"https:\/\/schema.org\",\"@graph\":[{\"@type\":\"WebPage\",\"@id\":\"https:\/\/rimgailaitecostume.lt\/produktas\/baltas-bomberis\/\",\"url\":\"https:\/\/rimgailaitecostume.lt\/produktas\/baltas-bomberis\/\",\"name\":\"Baltas bomberis - Rimgailaite costume\",\"isPartOf\":{\"@id\":\"https:\/\/rimgailaitecostume.lt\/#website\"},\"datePublished\":\"2025-08-22T14:05:09+00:00\",\"dateModified\":\"2025-08-22T14:05:34+00:00\",\"breadcrumb\":{\"@id\":\"https:\/\/rimgailaitecostume.lt\/produktas\/baltas-bomberis\/#breadcrumb\"},\"inLanguage\":\"en-US\",\"potentialAction\":[{\"@type\":\"ReadAction\",\"target\":[\"https:\/\/rimgailaitecostume.lt\/produktas\/baltas-bomberis\/\"]}]},{\"@type\":\"BreadcrumbList\",\"@id\":\"https:\/\/rimgailaitecostume.lt\/produktas\/baltas-bomberis\/#breadcrumb\",\"itemListElement\":[{\"@type\":\"ListItem\",\"position\":1,\"name\":\"Home\",\"item\":\"https:\/\/rimgailaitecostume.lt\/\"},{\"@type\":\"ListItem\",\"position\":2,\"name\":\"Nuoma\",\"item\":\"https:\/\/rimgailaitecostume.lt\/nuoma\/\"},{\"@type\":\"ListItem\",\"position\":3,\"name\":\"Baltas bomberis\"}]},{\"@type\":\"WebSite\",\"@id\":\"https:\/\/rimgailaitecostume.lt\/#website\",\"url\":\"https:\/\/rimgailaitecostume.lt\/\",\"name\":\"Rimgailaite costume\",\"description\":\"\",\"publisher\":{\"@id\":\"https:\/\/rimgailaitecostume.lt\/#organization\"},\"potentialAction\":[{\"@type\":\"SearchAction\",\"target\":{\"@type\":\"EntryPoint\",\"urlTemplate\":\"https:\/\/rimgailaitecostume.lt\/?s={search_term_string}\"},\"query-input\":\"required name=search_term_string\"}],\"inLanguage\":\"en-US\"},{\"@type\":\"Organization\",\"@id\":\"https:\/\/rimgailaitecostume.lt\/#organization\",\"name\":\"Rimgailaite costume\",\"url\":\"https:\/\/rimgailaitecostume.lt\/\",\"logo\":{\"@type\":\"ImageObject\",\"inLanguage\":\"en-US\",\"@id\":\"https:\/\/rimgailaitecostume.lt\/#\/schema\/logo\/image\/\",\"url\":\"https:\/\/i0.wp.com\/rimgailaitecostume.lt\/wp-content\/uploads\/2023\/09\/Logo_geltonas_narcizas.png?fit=5038%2C3412&ssl=1\",\"contentUrl\":\"https:\/\/i0.wp.com\/rimgailaitecostume.lt\/wp-content\/uploads\/2023\/09\/Logo_geltonas_narcizas.png?fit=5038%2C3412&ssl=1\",\"width\":5038,\"height\":3412,\"caption\":\"Rimgailaite costume\"},\"image\":{\"@id\":\"https:\/\/rimgailaitecostume.lt\/#\/schema\/logo\/image\/\"}}]}<\/script>\n<!-- \/ Yoast SEO Premium plugin. -->","yoast_head_json":{"title":"Baltas bomberis - Rimgailaite costume","robots":{"index":"index","follow":"follow","max-snippet":"max-snippet:-1","max-image-preview":"max-image-preview:large","max-video-preview":"max-video-preview:-1"},"canonical":"https:\/\/rimgailaitecostume.lt\/en\/product\/baltas-bomberis\/","og_locale":"en_US","og_type":"article","og_title":"Baltas bomberis","og_description":"Tvarios mados objektas. Bomberio tipo \u0161varkas pagamintas i\u0161 nertos d\u0117v\u0117tos tekstil\u0117s.  Vert\u0117 650 e","og_url":"https:\/\/rimgailaitecostume.lt\/en\/product\/baltas-bomberis\/","og_site_name":"Rimgailaite costume","article_modified_time":"2025-08-22T14:05:34+00:00","og_image":[{"width":1707,"height":2560,"url":"https:\/\/rimgailaitecostume.lt\/wp-content\/uploads\/2025\/08\/Rimgailaite-men3280-1-copy-scaled.jpg","type":"image\/jpeg"}],"twitter_card":"summary_large_image","schema":{"@context":"https:\/\/schema.org","@graph":[{"@type":"WebPage","@id":"https:\/\/rimgailaitecostume.lt\/produktas\/baltas-bomberis\/","url":"https:\/\/rimgailaitecostume.lt\/produktas\/baltas-bomberis\/","name":"Baltas bomberis - Rimgailaite costume","isPartOf":{"@id":"https:\/\/rimgailaitecostume.lt\/#website"},"datePublished":"2025-08-22T14:05:09+00:00","dateModified":"2025-08-22T14:05:34+00:00","breadcrumb":{"@id":"https:\/\/rimgailaitecostume.lt\/produktas\/baltas-bomberis\/#breadcrumb"},"inLanguage":"en-US","potentialAction":[{"@type":"ReadAction","target":["https:\/\/rimgailaitecostume.lt\/produktas\/baltas-bomberis\/"]}]},{"@type":"BreadcrumbList","@id":"https:\/\/rimgailaitecostume.lt\/produktas\/baltas-bomberis\/#breadcrumb","itemListElement":[{"@type":"ListItem","position":1,"name":"Home","item":"https:\/\/rimgailaitecostume.lt\/"},{"@type":"ListItem","position":2,"name":"Nuoma","item":"https:\/\/rimgailaitecostume.lt\/nuoma\/"},{"@type":"ListItem","position":3,"name":"Baltas bomberis"}]},{"@type":"WebSite","@id":"https:\/\/rimgailaitecostume.lt\/#website","url":"https:\/\/rimgailaitecostume.lt\/","name":"Rimgailaite costume","description":"","publisher":{"@id":"https:\/\/rimgailaitecostume.lt\/#organization"},"potentialAction":[{"@type":"SearchAction","target":{"@type":"EntryPoint","urlTemplate":"https:\/\/rimgailaitecostume.lt\/?s={search_term_string}"},"query-input":"required name=search_term_string"}],"inLanguage":"en-US"},{"@type":"Organization","@id":"https:\/\/rimgailaitecostume.lt\/#organization","name":"Rimgailaite costume","url":"https:\/\/rimgailaitecostume.lt\/","logo":{"@type":"ImageObject","inLanguage":"en-US","@id":"https:\/\/rimgailaitecostume.lt\/#\/schema\/logo\/image\/","url":"https:\/\/i0.wp.com\/rimgailaitecostume.lt\/wp-content\/uploads\/2023\/09\/Logo_geltonas_narcizas.png?fit=5038%2C3412&ssl=1","contentUrl":"https:\/\/i0.wp.com\/rimgailaitecostume.lt\/wp-content\/uploads\/2023\/09\/Logo_geltonas_narcizas.png?fit=5038%2C3412&ssl=1","width":5038,"height":3412,"caption":"Rimgailaite costume"},"image":{"@id":"https:\/\/rimgailaitecostume.lt\/#\/schema\/logo\/image\/"}}]}},"jetpack_sharing_enabled":true,"_links":{"self":[{"href":"https:\/\/rimgailaitecostume.lt\/en\/wp-json\/wp\/v2\/product\/6261"}],"collection":[{"href":"https:\/\/rimgailaitecostume.lt\/en\/wp-json\/wp\/v2\/product"}],"about":[{"href":"https:\/\/rimgailaitecostume.lt\/en\/wp-json\/wp\/v2\/types\/product"}],"wp:featuredmedia":[{"embeddable":true,"href":"https:\/\/rimgailaitecostume.lt\/en\/wp-json\/wp\/v2\/media\/6262"}],"wp:attachment":[{"href":"https:\/\/rimgailaitecostume.lt\/en\/wp-json\/wp\/v2\/media?parent=6261"}],"wp:term":[{"taxonomy":"product_cat","embeddable":true,"href":"https:\/\/rimgailaitecostume.lt\/en\/wp-json\/wp\/v2\/product_cat?post=6261"},{"taxonomy":"product_tag","embeddable":true,"href":"https:\/\/rimgailaitecostume.lt\/en\/wp-json\/wp\/v2\/product_tag?post=6261"}],"curies":[{"name":"wp","href":"https:\/\/api.w.org\/{rel}","templated":true}]}}