{"id":2978,"date":"2023-09-14T00:19:59","date_gmt":"2023-09-13T21:19:59","guid":{"rendered":"https:\/\/rimgailaitecostume.lt\/index.php\/product\/kostiumas-melyna-sanatorija\/"},"modified":"2024-07-08T23:51:08","modified_gmt":"2024-07-08T20:51:08","slug":"kostiumas-melyna-sanatorija","status":"publish","type":"product","link":"https:\/\/rimgailaitecostume.lt\/en\/product\/kostiumas-melyna-sanatorija\/","title":{"rendered":"Costume with blue tassel corset"},"content":{"rendered":"<div><span lang=\"LT\">Value 450 EUR<\/span><\/div>","protected":false},"excerpt":{"rendered":"<p>Two-piece suit - corset and trousers. The corset is made of shimmering tassel fabric. The corset is adjustable in size and fits sizes XS-L. The trousers are made of shimmering scaly fabric. The length of the trousers can be adjusted individually.<\/p>\n<p><a href=\"https:\/\/rimgailaitecostume.lt\/en\/kontaktai\/\"><br \/>\n<button style=\"background-color: #ffde00;color: white;border: none;padding: 10px 15px;cursor: pointer\">Rent<br \/>\n<\/button><br \/>\n<\/a><\/p>","protected":false},"featured_media":2848,"template":"","meta":[],"product_cat":[51],"product_tag":[],"yoast_head":"<!-- This site is optimized with the Yoast SEO Premium plugin v21.4 (Yoast SEO v21.4) - https:\/\/yoast.com\/wordpress\/plugins\/seo\/ -->\n<title>Kostiumas su m\u0117lyn\u0173 kut\u0173 korsetu - Rimgailaite costume<\/title>\n<meta name=\"robots\" content=\"index, follow, max-snippet:-1, max-image-preview:large, max-video-preview:-1\" \/>\n<link rel=\"canonical\" href=\"https:\/\/rimgailaitecostume.lt\/en\/product\/kostiumas-melyna-sanatorija\/\" \/>\n<meta property=\"og:locale\" content=\"en_US\" \/>\n<meta property=\"og:type\" content=\"article\" \/>\n<meta property=\"og:title\" content=\"Kostiumas su m\u0117lyn\u0173 kut\u0173 korsetu\" \/>\n<meta property=\"og:description\" content=\"Dviej\u0173 dali\u0173 kostiumas -\u00a0 korsetas ir keln\u0117s. Korsetas pasi\u016btas i\u0161 \u017evilgan\u010dio kut\u0173 audinio. Korseto dydis reguliuojasi, puikiai tinka XS-L dyd\u017eiams. Keln\u0117s pasi\u016btos i\u0161 spindin\u010dio \u017evynelinio audinio. Kelni\u0173 ilgis pritaikomas individualiai.   Nuomotis\" \/>\n<meta property=\"og:url\" content=\"https:\/\/rimgailaitecostume.lt\/en\/product\/kostiumas-melyna-sanatorija\/\" \/>\n<meta property=\"og:site_name\" content=\"Rimgailaite costume\" \/>\n<meta property=\"article:modified_time\" content=\"2024-07-08T20:51:08+00:00\" \/>\n<meta property=\"og:image\" content=\"https:\/\/rimgailaitecostume.lt\/wp-content\/uploads\/2023\/09\/Kostiumelis-Sanatorija-melynas.png\" \/>\n\t<meta property=\"og:image:width\" content=\"1440\" \/>\n\t<meta property=\"og:image:height\" content=\"1800\" \/>\n\t<meta property=\"og:image:type\" content=\"image\/png\" \/>\n<meta name=\"twitter:card\" content=\"summary_large_image\" \/>\n<meta name=\"twitter:label1\" content=\"Est. reading time\" \/>\n\t<meta name=\"twitter:data1\" content=\"1 minute\" \/>\n<script type=\"application\/ld+json\" class=\"yoast-schema-graph\">{\"@context\":\"https:\/\/schema.org\",\"@graph\":[{\"@type\":\"WebPage\",\"@id\":\"https:\/\/rimgailaitecostume.lt\/produktas\/kostiumas-melyna-sanatorija\/\",\"url\":\"https:\/\/rimgailaitecostume.lt\/produktas\/kostiumas-melyna-sanatorija\/\",\"name\":\"Kostiumas su m\u0117lyn\u0173 kut\u0173 korsetu - Rimgailaite costume\",\"isPartOf\":{\"@id\":\"https:\/\/rimgailaitecostume.lt\/#website\"},\"datePublished\":\"2023-09-13T21:19:59+00:00\",\"dateModified\":\"2024-07-08T20:51:08+00:00\",\"breadcrumb\":{\"@id\":\"https:\/\/rimgailaitecostume.lt\/produktas\/kostiumas-melyna-sanatorija\/#breadcrumb\"},\"inLanguage\":\"en-US\",\"potentialAction\":[{\"@type\":\"ReadAction\",\"target\":[\"https:\/\/rimgailaitecostume.lt\/produktas\/kostiumas-melyna-sanatorija\/\"]}]},{\"@type\":\"BreadcrumbList\",\"@id\":\"https:\/\/rimgailaitecostume.lt\/produktas\/kostiumas-melyna-sanatorija\/#breadcrumb\",\"itemListElement\":[{\"@type\":\"ListItem\",\"position\":1,\"name\":\"Home\",\"item\":\"https:\/\/rimgailaitecostume.lt\/\"},{\"@type\":\"ListItem\",\"position\":2,\"name\":\"Nuoma\",\"item\":\"https:\/\/rimgailaitecostume.lt\/nuoma\/\"},{\"@type\":\"ListItem\",\"position\":3,\"name\":\"Kostiumas su m\u0117lyn\u0173 kut\u0173 korsetu\"}]},{\"@type\":\"WebSite\",\"@id\":\"https:\/\/rimgailaitecostume.lt\/#website\",\"url\":\"https:\/\/rimgailaitecostume.lt\/\",\"name\":\"Rimgailaite costume\",\"description\":\"\",\"publisher\":{\"@id\":\"https:\/\/rimgailaitecostume.lt\/#organization\"},\"potentialAction\":[{\"@type\":\"SearchAction\",\"target\":{\"@type\":\"EntryPoint\",\"urlTemplate\":\"https:\/\/rimgailaitecostume.lt\/?s={search_term_string}\"},\"query-input\":\"required name=search_term_string\"}],\"inLanguage\":\"en-US\"},{\"@type\":\"Organization\",\"@id\":\"https:\/\/rimgailaitecostume.lt\/#organization\",\"name\":\"Rimgailaite costume\",\"url\":\"https:\/\/rimgailaitecostume.lt\/\",\"logo\":{\"@type\":\"ImageObject\",\"inLanguage\":\"en-US\",\"@id\":\"https:\/\/rimgailaitecostume.lt\/#\/schema\/logo\/image\/\",\"url\":\"https:\/\/i0.wp.com\/rimgailaitecostume.lt\/wp-content\/uploads\/2023\/09\/Logo_geltonas_narcizas.png?fit=5038%2C3412&ssl=1\",\"contentUrl\":\"https:\/\/i0.wp.com\/rimgailaitecostume.lt\/wp-content\/uploads\/2023\/09\/Logo_geltonas_narcizas.png?fit=5038%2C3412&ssl=1\",\"width\":5038,\"height\":3412,\"caption\":\"Rimgailaite costume\"},\"image\":{\"@id\":\"https:\/\/rimgailaitecostume.lt\/#\/schema\/logo\/image\/\"}}]}<\/script>\n<!-- \/ Yoast SEO Premium plugin. -->","yoast_head_json":{"title":"Kostiumas su m\u0117lyn\u0173 kut\u0173 korsetu - Rimgailaite costume","robots":{"index":"index","follow":"follow","max-snippet":"max-snippet:-1","max-image-preview":"max-image-preview:large","max-video-preview":"max-video-preview:-1"},"canonical":"https:\/\/rimgailaitecostume.lt\/en\/product\/kostiumas-melyna-sanatorija\/","og_locale":"en_US","og_type":"article","og_title":"Kostiumas su m\u0117lyn\u0173 kut\u0173 korsetu","og_description":"Dviej\u0173 dali\u0173 kostiumas -\u00a0 korsetas ir keln\u0117s. Korsetas pasi\u016btas i\u0161 \u017evilgan\u010dio kut\u0173 audinio. Korseto dydis reguliuojasi, puikiai tinka XS-L dyd\u017eiams. Keln\u0117s pasi\u016btos i\u0161 spindin\u010dio \u017evynelinio audinio. Kelni\u0173 ilgis pritaikomas individualiai.   Nuomotis","og_url":"https:\/\/rimgailaitecostume.lt\/en\/product\/kostiumas-melyna-sanatorija\/","og_site_name":"Rimgailaite costume","article_modified_time":"2024-07-08T20:51:08+00:00","og_image":[{"url":"https:\/\/rimgailaitecostume.lt\/wp-content\/uploads\/2023\/09\/Kostiumelis-Sanatorija-melynas.png","width":1440,"height":1800,"type":"image\/png"}],"twitter_card":"summary_large_image","twitter_misc":{"Est. reading time":"1 minute"},"schema":{"@context":"https:\/\/schema.org","@graph":[{"@type":"WebPage","@id":"https:\/\/rimgailaitecostume.lt\/produktas\/kostiumas-melyna-sanatorija\/","url":"https:\/\/rimgailaitecostume.lt\/produktas\/kostiumas-melyna-sanatorija\/","name":"Kostiumas su m\u0117lyn\u0173 kut\u0173 korsetu - Rimgailaite costume","isPartOf":{"@id":"https:\/\/rimgailaitecostume.lt\/#website"},"datePublished":"2023-09-13T21:19:59+00:00","dateModified":"2024-07-08T20:51:08+00:00","breadcrumb":{"@id":"https:\/\/rimgailaitecostume.lt\/produktas\/kostiumas-melyna-sanatorija\/#breadcrumb"},"inLanguage":"en-US","potentialAction":[{"@type":"ReadAction","target":["https:\/\/rimgailaitecostume.lt\/produktas\/kostiumas-melyna-sanatorija\/"]}]},{"@type":"BreadcrumbList","@id":"https:\/\/rimgailaitecostume.lt\/produktas\/kostiumas-melyna-sanatorija\/#breadcrumb","itemListElement":[{"@type":"ListItem","position":1,"name":"Home","item":"https:\/\/rimgailaitecostume.lt\/"},{"@type":"ListItem","position":2,"name":"Nuoma","item":"https:\/\/rimgailaitecostume.lt\/nuoma\/"},{"@type":"ListItem","position":3,"name":"Kostiumas su m\u0117lyn\u0173 kut\u0173 korsetu"}]},{"@type":"WebSite","@id":"https:\/\/rimgailaitecostume.lt\/#website","url":"https:\/\/rimgailaitecostume.lt\/","name":"Rimgailaite costume","description":"","publisher":{"@id":"https:\/\/rimgailaitecostume.lt\/#organization"},"potentialAction":[{"@type":"SearchAction","target":{"@type":"EntryPoint","urlTemplate":"https:\/\/rimgailaitecostume.lt\/?s={search_term_string}"},"query-input":"required name=search_term_string"}],"inLanguage":"en-US"},{"@type":"Organization","@id":"https:\/\/rimgailaitecostume.lt\/#organization","name":"Rimgailaite costume","url":"https:\/\/rimgailaitecostume.lt\/","logo":{"@type":"ImageObject","inLanguage":"en-US","@id":"https:\/\/rimgailaitecostume.lt\/#\/schema\/logo\/image\/","url":"https:\/\/i0.wp.com\/rimgailaitecostume.lt\/wp-content\/uploads\/2023\/09\/Logo_geltonas_narcizas.png?fit=5038%2C3412&ssl=1","contentUrl":"https:\/\/i0.wp.com\/rimgailaitecostume.lt\/wp-content\/uploads\/2023\/09\/Logo_geltonas_narcizas.png?fit=5038%2C3412&ssl=1","width":5038,"height":3412,"caption":"Rimgailaite costume"},"image":{"@id":"https:\/\/rimgailaitecostume.lt\/#\/schema\/logo\/image\/"}}]}},"jetpack_sharing_enabled":true,"_links":{"self":[{"href":"https:\/\/rimgailaitecostume.lt\/en\/wp-json\/wp\/v2\/product\/2978"}],"collection":[{"href":"https:\/\/rimgailaitecostume.lt\/en\/wp-json\/wp\/v2\/product"}],"about":[{"href":"https:\/\/rimgailaitecostume.lt\/en\/wp-json\/wp\/v2\/types\/product"}],"wp:featuredmedia":[{"embeddable":true,"href":"https:\/\/rimgailaitecostume.lt\/en\/wp-json\/wp\/v2\/media\/2848"}],"wp:attachment":[{"href":"https:\/\/rimgailaitecostume.lt\/en\/wp-json\/wp\/v2\/media?parent=2978"}],"wp:term":[{"taxonomy":"product_cat","embeddable":true,"href":"https:\/\/rimgailaitecostume.lt\/en\/wp-json\/wp\/v2\/product_cat?post=2978"},{"taxonomy":"product_tag","embeddable":true,"href":"https:\/\/rimgailaitecostume.lt\/en\/wp-json\/wp\/v2\/product_tag?post=2978"}],"curies":[{"name":"wp","href":"https:\/\/api.w.org\/{rel}","templated":true}]}}