{"id":2970,"date":"2023-09-14T00:19:59","date_gmt":"2023-09-13T21:19:59","guid":{"rendered":"https:\/\/rimgailaitecostume.lt\/index.php\/product\/kostiumas-narcizas\/"},"modified":"2025-04-27T21:54:58","modified_gmt":"2025-04-27T18:54:58","slug":"kostiumas-narcizas","status":"publish","type":"product","link":"https:\/\/rimgailaitecostume.lt\/en\/product\/kostiumas-narcizas\/","title":{"rendered":"Narcissus costume"},"content":{"rendered":"<div><span lang=\"LT\">Value 850 EUR<\/span><\/div>","protected":false},"excerpt":{"rendered":"<p>Two-piece suit - corset and trousers. Unique corset design, made using the sculptural layout - construction method. The top part can be matched with classic or scaly trousers. The length of the trousers can be adjusted individually. The silhouette has a figure-enhancing effect.<\/p>\n<p><a href=\"https:\/\/rimgailaitecostume.lt\/en\/kontaktai\/\"><button style=\"background-color: #ffde00; color: white; border: none; padding: 10px 15px; cursor: pointer;\">Rent<br \/>\n<\/button><br \/>\n<\/a><\/p>","protected":false},"featured_media":6114,"template":"","meta":[],"product_cat":[50],"product_tag":[],"yoast_head":"<!-- This site is optimized with the Yoast SEO Premium plugin v21.4 (Yoast SEO v21.4) - https:\/\/yoast.com\/wordpress\/plugins\/seo\/ -->\n<title>Kostiumas Narcizas - Rimgailaite costume<\/title>\n<meta name=\"robots\" content=\"index, follow, max-snippet:-1, max-image-preview:large, max-video-preview:-1\" \/>\n<link rel=\"canonical\" href=\"https:\/\/rimgailaitecostume.lt\/en\/product\/kostiumas-narcizas\/\" \/>\n<meta property=\"og:locale\" content=\"en_US\" \/>\n<meta property=\"og:type\" content=\"article\" \/>\n<meta property=\"og:title\" content=\"Kostiumas Narcizas\" \/>\n<meta property=\"og:description\" content=\"Dviej\u0173 dali\u0173 kostiumas \u2013 korsetas ir keln\u0117s. Unikalaus dizaino korsetas, pagamintas naudojant skulpt\u016brinio maketavimo \u2013 konstravimo metod\u0105. Prie vir\u0161utin\u0117s dalies gali b\u016bti derinamos klasikin\u0117s arba \u017evynelinio audinio keln\u0117s. Kelni\u0173 ilgis pritaikomas individualiai. Siluetas savo savyb\u0117mis dailina moters fig\u016br\u0105.  Nuomotis\" \/>\n<meta property=\"og:url\" content=\"https:\/\/rimgailaitecostume.lt\/en\/product\/kostiumas-narcizas\/\" \/>\n<meta property=\"og:site_name\" content=\"Rimgailaite costume\" \/>\n<meta property=\"article:modified_time\" content=\"2025-04-27T18:54:58+00:00\" \/>\n<meta property=\"og:image\" content=\"https:\/\/rimgailaitecostume.lt\/wp-content\/uploads\/2023\/09\/Rimgailaite-Lookbook1086-copy-scaled.jpg\" \/>\n\t<meta property=\"og:image:width\" content=\"1707\" \/>\n\t<meta property=\"og:image:height\" content=\"2560\" \/>\n\t<meta property=\"og:image:type\" content=\"image\/jpeg\" \/>\n<meta name=\"twitter:card\" content=\"summary_large_image\" \/>\n<meta name=\"twitter:label1\" content=\"Est. reading time\" \/>\n\t<meta name=\"twitter:data1\" content=\"1 minute\" \/>\n<script type=\"application\/ld+json\" class=\"yoast-schema-graph\">{\"@context\":\"https:\/\/schema.org\",\"@graph\":[{\"@type\":\"WebPage\",\"@id\":\"https:\/\/rimgailaitecostume.lt\/produktas\/kostiumas-narcizas\/\",\"url\":\"https:\/\/rimgailaitecostume.lt\/produktas\/kostiumas-narcizas\/\",\"name\":\"Kostiumas Narcizas - Rimgailaite costume\",\"isPartOf\":{\"@id\":\"https:\/\/rimgailaitecostume.lt\/#website\"},\"datePublished\":\"2023-09-13T21:19:59+00:00\",\"dateModified\":\"2025-04-27T18:54:58+00:00\",\"breadcrumb\":{\"@id\":\"https:\/\/rimgailaitecostume.lt\/produktas\/kostiumas-narcizas\/#breadcrumb\"},\"inLanguage\":\"en-US\",\"potentialAction\":[{\"@type\":\"ReadAction\",\"target\":[\"https:\/\/rimgailaitecostume.lt\/produktas\/kostiumas-narcizas\/\"]}]},{\"@type\":\"BreadcrumbList\",\"@id\":\"https:\/\/rimgailaitecostume.lt\/produktas\/kostiumas-narcizas\/#breadcrumb\",\"itemListElement\":[{\"@type\":\"ListItem\",\"position\":1,\"name\":\"Home\",\"item\":\"https:\/\/rimgailaitecostume.lt\/\"},{\"@type\":\"ListItem\",\"position\":2,\"name\":\"Nuoma\",\"item\":\"https:\/\/rimgailaitecostume.lt\/nuoma\/\"},{\"@type\":\"ListItem\",\"position\":3,\"name\":\"Kostiumas Narcizas\"}]},{\"@type\":\"WebSite\",\"@id\":\"https:\/\/rimgailaitecostume.lt\/#website\",\"url\":\"https:\/\/rimgailaitecostume.lt\/\",\"name\":\"Rimgailaite costume\",\"description\":\"\",\"publisher\":{\"@id\":\"https:\/\/rimgailaitecostume.lt\/#organization\"},\"potentialAction\":[{\"@type\":\"SearchAction\",\"target\":{\"@type\":\"EntryPoint\",\"urlTemplate\":\"https:\/\/rimgailaitecostume.lt\/?s={search_term_string}\"},\"query-input\":\"required name=search_term_string\"}],\"inLanguage\":\"en-US\"},{\"@type\":\"Organization\",\"@id\":\"https:\/\/rimgailaitecostume.lt\/#organization\",\"name\":\"Rimgailaite costume\",\"url\":\"https:\/\/rimgailaitecostume.lt\/\",\"logo\":{\"@type\":\"ImageObject\",\"inLanguage\":\"en-US\",\"@id\":\"https:\/\/rimgailaitecostume.lt\/#\/schema\/logo\/image\/\",\"url\":\"https:\/\/i0.wp.com\/rimgailaitecostume.lt\/wp-content\/uploads\/2023\/09\/Logo_geltonas_narcizas.png?fit=5038%2C3412&ssl=1\",\"contentUrl\":\"https:\/\/i0.wp.com\/rimgailaitecostume.lt\/wp-content\/uploads\/2023\/09\/Logo_geltonas_narcizas.png?fit=5038%2C3412&ssl=1\",\"width\":5038,\"height\":3412,\"caption\":\"Rimgailaite costume\"},\"image\":{\"@id\":\"https:\/\/rimgailaitecostume.lt\/#\/schema\/logo\/image\/\"}}]}<\/script>\n<!-- \/ Yoast SEO Premium plugin. -->","yoast_head_json":{"title":"Kostiumas Narcizas - Rimgailaite costume","robots":{"index":"index","follow":"follow","max-snippet":"max-snippet:-1","max-image-preview":"max-image-preview:large","max-video-preview":"max-video-preview:-1"},"canonical":"https:\/\/rimgailaitecostume.lt\/en\/product\/kostiumas-narcizas\/","og_locale":"en_US","og_type":"article","og_title":"Kostiumas Narcizas","og_description":"Dviej\u0173 dali\u0173 kostiumas \u2013 korsetas ir keln\u0117s. Unikalaus dizaino korsetas, pagamintas naudojant skulpt\u016brinio maketavimo \u2013 konstravimo metod\u0105. Prie vir\u0161utin\u0117s dalies gali b\u016bti derinamos klasikin\u0117s arba \u017evynelinio audinio keln\u0117s. Kelni\u0173 ilgis pritaikomas individualiai. Siluetas savo savyb\u0117mis dailina moters fig\u016br\u0105.  Nuomotis","og_url":"https:\/\/rimgailaitecostume.lt\/en\/product\/kostiumas-narcizas\/","og_site_name":"Rimgailaite costume","article_modified_time":"2025-04-27T18:54:58+00:00","og_image":[{"width":1707,"height":2560,"url":"https:\/\/rimgailaitecostume.lt\/wp-content\/uploads\/2023\/09\/Rimgailaite-Lookbook1086-copy-scaled.jpg","type":"image\/jpeg"}],"twitter_card":"summary_large_image","twitter_misc":{"Est. reading time":"1 minute"},"schema":{"@context":"https:\/\/schema.org","@graph":[{"@type":"WebPage","@id":"https:\/\/rimgailaitecostume.lt\/produktas\/kostiumas-narcizas\/","url":"https:\/\/rimgailaitecostume.lt\/produktas\/kostiumas-narcizas\/","name":"Kostiumas Narcizas - Rimgailaite costume","isPartOf":{"@id":"https:\/\/rimgailaitecostume.lt\/#website"},"datePublished":"2023-09-13T21:19:59+00:00","dateModified":"2025-04-27T18:54:58+00:00","breadcrumb":{"@id":"https:\/\/rimgailaitecostume.lt\/produktas\/kostiumas-narcizas\/#breadcrumb"},"inLanguage":"en-US","potentialAction":[{"@type":"ReadAction","target":["https:\/\/rimgailaitecostume.lt\/produktas\/kostiumas-narcizas\/"]}]},{"@type":"BreadcrumbList","@id":"https:\/\/rimgailaitecostume.lt\/produktas\/kostiumas-narcizas\/#breadcrumb","itemListElement":[{"@type":"ListItem","position":1,"name":"Home","item":"https:\/\/rimgailaitecostume.lt\/"},{"@type":"ListItem","position":2,"name":"Nuoma","item":"https:\/\/rimgailaitecostume.lt\/nuoma\/"},{"@type":"ListItem","position":3,"name":"Kostiumas Narcizas"}]},{"@type":"WebSite","@id":"https:\/\/rimgailaitecostume.lt\/#website","url":"https:\/\/rimgailaitecostume.lt\/","name":"Rimgailaite costume","description":"","publisher":{"@id":"https:\/\/rimgailaitecostume.lt\/#organization"},"potentialAction":[{"@type":"SearchAction","target":{"@type":"EntryPoint","urlTemplate":"https:\/\/rimgailaitecostume.lt\/?s={search_term_string}"},"query-input":"required name=search_term_string"}],"inLanguage":"en-US"},{"@type":"Organization","@id":"https:\/\/rimgailaitecostume.lt\/#organization","name":"Rimgailaite costume","url":"https:\/\/rimgailaitecostume.lt\/","logo":{"@type":"ImageObject","inLanguage":"en-US","@id":"https:\/\/rimgailaitecostume.lt\/#\/schema\/logo\/image\/","url":"https:\/\/i0.wp.com\/rimgailaitecostume.lt\/wp-content\/uploads\/2023\/09\/Logo_geltonas_narcizas.png?fit=5038%2C3412&ssl=1","contentUrl":"https:\/\/i0.wp.com\/rimgailaitecostume.lt\/wp-content\/uploads\/2023\/09\/Logo_geltonas_narcizas.png?fit=5038%2C3412&ssl=1","width":5038,"height":3412,"caption":"Rimgailaite costume"},"image":{"@id":"https:\/\/rimgailaitecostume.lt\/#\/schema\/logo\/image\/"}}]}},"jetpack_sharing_enabled":true,"_links":{"self":[{"href":"https:\/\/rimgailaitecostume.lt\/en\/wp-json\/wp\/v2\/product\/2970"}],"collection":[{"href":"https:\/\/rimgailaitecostume.lt\/en\/wp-json\/wp\/v2\/product"}],"about":[{"href":"https:\/\/rimgailaitecostume.lt\/en\/wp-json\/wp\/v2\/types\/product"}],"wp:featuredmedia":[{"embeddable":true,"href":"https:\/\/rimgailaitecostume.lt\/en\/wp-json\/wp\/v2\/media\/6114"}],"wp:attachment":[{"href":"https:\/\/rimgailaitecostume.lt\/en\/wp-json\/wp\/v2\/media?parent=2970"}],"wp:term":[{"taxonomy":"product_cat","embeddable":true,"href":"https:\/\/rimgailaitecostume.lt\/en\/wp-json\/wp\/v2\/product_cat?post=2970"},{"taxonomy":"product_tag","embeddable":true,"href":"https:\/\/rimgailaitecostume.lt\/en\/wp-json\/wp\/v2\/product_tag?post=2970"}],"curies":[{"name":"wp","href":"https:\/\/api.w.org\/{rel}","templated":true}]}}