{"id":2952,"date":"2023-09-14T00:19:57","date_gmt":"2023-09-13T21:19:57","guid":{"rendered":"https:\/\/rimgailaitecostume.lt\/index.php\/product\/suknele-asta\/"},"modified":"2024-06-17T23:00:00","modified_gmt":"2024-06-17T20:00:00","slug":"suknele-asta","status":"publish","type":"product","link":"https:\/\/rimgailaitecostume.lt\/en\/product\/suknele-asta\/","title":{"rendered":"Black suit"},"content":{"rendered":"<div><span lang=\"LT\">Value 550 EUR<\/span><\/div>","protected":false},"excerpt":{"rendered":"<p>Two-piece suit - cape and trousers. The construction of the cape makes it comfortable on the shoulders - it does not fall down. The shoulders of the cape are decorated with swarofski crystals. The trousers are made of scaly fabric on the front and costume fabric on the back. The length of the trousers can be adjusted individually. A blouse can be included if required.<\/p>\n<p><a href=\"https:\/\/rimgailaitecostume.lt\/en\/kontaktai\/\"><br \/>\n<button style=\"background-color: #ffde00;color: white;border: none;padding: 10px 15px;cursor: pointer\">Rent<br \/>\n<\/button><br \/>\n<\/a><\/p>","protected":false},"featured_media":2829,"template":"","meta":[],"product_cat":[49],"product_tag":[],"yoast_head":"<!-- This site is optimized with the Yoast SEO Premium plugin v21.4 (Yoast SEO v21.4) - https:\/\/yoast.com\/wordpress\/plugins\/seo\/ -->\n<title>Juodas kostiumas - Rimgailaite costume<\/title>\n<meta name=\"robots\" content=\"index, follow, max-snippet:-1, max-image-preview:large, max-video-preview:-1\" \/>\n<link rel=\"canonical\" href=\"https:\/\/rimgailaitecostume.lt\/en\/product\/suknele-asta\/\" \/>\n<meta property=\"og:locale\" content=\"en_US\" \/>\n<meta property=\"og:type\" content=\"article\" \/>\n<meta property=\"og:title\" content=\"Juodas kostiumas\" \/>\n<meta property=\"og:description\" content=\"Dviej\u0173 dali\u0173 kostiumas \u2013 pelerina ir keln\u0117s. Pelerina d\u0117l savo konstrukcijos, judant patogiai laikosi ant pe\u010di\u0173 \u2013 nekrenta. Pelerinos pe\u010diai dekoruoti swarofski kristalais. Keln\u0117s i\u0161 priekin\u0117s pus\u0117s - \u017evynelinio, i\u0161 nugarin\u0117s pus\u0117s \u2013 kostiuminio audinio. Kelni\u0173 ilgis pritaikomas individualiai. Poreikiui esant \u012f komplekt\u0105 galime \u012ftraukti ir palaidin\u0119.   Nuomotis\" \/>\n<meta property=\"og:url\" content=\"https:\/\/rimgailaitecostume.lt\/en\/product\/suknele-asta\/\" \/>\n<meta property=\"og:site_name\" content=\"Rimgailaite costume\" \/>\n<meta property=\"article:modified_time\" content=\"2024-06-17T20:00:00+00:00\" \/>\n<meta property=\"og:image\" content=\"https:\/\/rimgailaitecostume.lt\/wp-content\/uploads\/2023\/09\/Kostiumelis-Asta-2-min.jpg\" \/>\n\t<meta property=\"og:image:width\" content=\"828\" \/>\n\t<meta property=\"og:image:height\" content=\"1013\" \/>\n\t<meta property=\"og:image:type\" content=\"image\/jpeg\" \/>\n<meta name=\"twitter:card\" content=\"summary_large_image\" \/>\n<meta name=\"twitter:label1\" content=\"Est. reading time\" \/>\n\t<meta name=\"twitter:data1\" content=\"1 minute\" \/>\n<script type=\"application\/ld+json\" class=\"yoast-schema-graph\">{\"@context\":\"https:\/\/schema.org\",\"@graph\":[{\"@type\":\"WebPage\",\"@id\":\"https:\/\/rimgailaitecostume.lt\/produktas\/suknele-asta\/\",\"url\":\"https:\/\/rimgailaitecostume.lt\/produktas\/suknele-asta\/\",\"name\":\"Juodas kostiumas - Rimgailaite costume\",\"isPartOf\":{\"@id\":\"https:\/\/rimgailaitecostume.lt\/#website\"},\"datePublished\":\"2023-09-13T21:19:57+00:00\",\"dateModified\":\"2024-06-17T20:00:00+00:00\",\"breadcrumb\":{\"@id\":\"https:\/\/rimgailaitecostume.lt\/produktas\/suknele-asta\/#breadcrumb\"},\"inLanguage\":\"en-US\",\"potentialAction\":[{\"@type\":\"ReadAction\",\"target\":[\"https:\/\/rimgailaitecostume.lt\/produktas\/suknele-asta\/\"]}]},{\"@type\":\"BreadcrumbList\",\"@id\":\"https:\/\/rimgailaitecostume.lt\/produktas\/suknele-asta\/#breadcrumb\",\"itemListElement\":[{\"@type\":\"ListItem\",\"position\":1,\"name\":\"Home\",\"item\":\"https:\/\/rimgailaitecostume.lt\/\"},{\"@type\":\"ListItem\",\"position\":2,\"name\":\"Nuoma\",\"item\":\"https:\/\/rimgailaitecostume.lt\/nuoma\/\"},{\"@type\":\"ListItem\",\"position\":3,\"name\":\"Juodas kostiumas\"}]},{\"@type\":\"WebSite\",\"@id\":\"https:\/\/rimgailaitecostume.lt\/#website\",\"url\":\"https:\/\/rimgailaitecostume.lt\/\",\"name\":\"Rimgailaite costume\",\"description\":\"\",\"publisher\":{\"@id\":\"https:\/\/rimgailaitecostume.lt\/#organization\"},\"potentialAction\":[{\"@type\":\"SearchAction\",\"target\":{\"@type\":\"EntryPoint\",\"urlTemplate\":\"https:\/\/rimgailaitecostume.lt\/?s={search_term_string}\"},\"query-input\":\"required name=search_term_string\"}],\"inLanguage\":\"en-US\"},{\"@type\":\"Organization\",\"@id\":\"https:\/\/rimgailaitecostume.lt\/#organization\",\"name\":\"Rimgailaite costume\",\"url\":\"https:\/\/rimgailaitecostume.lt\/\",\"logo\":{\"@type\":\"ImageObject\",\"inLanguage\":\"en-US\",\"@id\":\"https:\/\/rimgailaitecostume.lt\/#\/schema\/logo\/image\/\",\"url\":\"https:\/\/i0.wp.com\/rimgailaitecostume.lt\/wp-content\/uploads\/2023\/09\/Logo_geltonas_narcizas.png?fit=5038%2C3412&ssl=1\",\"contentUrl\":\"https:\/\/i0.wp.com\/rimgailaitecostume.lt\/wp-content\/uploads\/2023\/09\/Logo_geltonas_narcizas.png?fit=5038%2C3412&ssl=1\",\"width\":5038,\"height\":3412,\"caption\":\"Rimgailaite costume\"},\"image\":{\"@id\":\"https:\/\/rimgailaitecostume.lt\/#\/schema\/logo\/image\/\"}}]}<\/script>\n<!-- \/ Yoast SEO Premium plugin. -->","yoast_head_json":{"title":"Juodas kostiumas - Rimgailaite costume","robots":{"index":"index","follow":"follow","max-snippet":"max-snippet:-1","max-image-preview":"max-image-preview:large","max-video-preview":"max-video-preview:-1"},"canonical":"https:\/\/rimgailaitecostume.lt\/en\/product\/suknele-asta\/","og_locale":"en_US","og_type":"article","og_title":"Juodas kostiumas","og_description":"Dviej\u0173 dali\u0173 kostiumas \u2013 pelerina ir keln\u0117s. Pelerina d\u0117l savo konstrukcijos, judant patogiai laikosi ant pe\u010di\u0173 \u2013 nekrenta. Pelerinos pe\u010diai dekoruoti swarofski kristalais. Keln\u0117s i\u0161 priekin\u0117s pus\u0117s - \u017evynelinio, i\u0161 nugarin\u0117s pus\u0117s \u2013 kostiuminio audinio. Kelni\u0173 ilgis pritaikomas individualiai. Poreikiui esant \u012f komplekt\u0105 galime \u012ftraukti ir palaidin\u0119.   Nuomotis","og_url":"https:\/\/rimgailaitecostume.lt\/en\/product\/suknele-asta\/","og_site_name":"Rimgailaite costume","article_modified_time":"2024-06-17T20:00:00+00:00","og_image":[{"width":828,"height":1013,"url":"https:\/\/rimgailaitecostume.lt\/wp-content\/uploads\/2023\/09\/Kostiumelis-Asta-2-min.jpg","type":"image\/jpeg"}],"twitter_card":"summary_large_image","twitter_misc":{"Est. reading time":"1 minute"},"schema":{"@context":"https:\/\/schema.org","@graph":[{"@type":"WebPage","@id":"https:\/\/rimgailaitecostume.lt\/produktas\/suknele-asta\/","url":"https:\/\/rimgailaitecostume.lt\/produktas\/suknele-asta\/","name":"Juodas kostiumas - Rimgailaite costume","isPartOf":{"@id":"https:\/\/rimgailaitecostume.lt\/#website"},"datePublished":"2023-09-13T21:19:57+00:00","dateModified":"2024-06-17T20:00:00+00:00","breadcrumb":{"@id":"https:\/\/rimgailaitecostume.lt\/produktas\/suknele-asta\/#breadcrumb"},"inLanguage":"en-US","potentialAction":[{"@type":"ReadAction","target":["https:\/\/rimgailaitecostume.lt\/produktas\/suknele-asta\/"]}]},{"@type":"BreadcrumbList","@id":"https:\/\/rimgailaitecostume.lt\/produktas\/suknele-asta\/#breadcrumb","itemListElement":[{"@type":"ListItem","position":1,"name":"Home","item":"https:\/\/rimgailaitecostume.lt\/"},{"@type":"ListItem","position":2,"name":"Nuoma","item":"https:\/\/rimgailaitecostume.lt\/nuoma\/"},{"@type":"ListItem","position":3,"name":"Juodas kostiumas"}]},{"@type":"WebSite","@id":"https:\/\/rimgailaitecostume.lt\/#website","url":"https:\/\/rimgailaitecostume.lt\/","name":"Rimgailaite costume","description":"","publisher":{"@id":"https:\/\/rimgailaitecostume.lt\/#organization"},"potentialAction":[{"@type":"SearchAction","target":{"@type":"EntryPoint","urlTemplate":"https:\/\/rimgailaitecostume.lt\/?s={search_term_string}"},"query-input":"required name=search_term_string"}],"inLanguage":"en-US"},{"@type":"Organization","@id":"https:\/\/rimgailaitecostume.lt\/#organization","name":"Rimgailaite costume","url":"https:\/\/rimgailaitecostume.lt\/","logo":{"@type":"ImageObject","inLanguage":"en-US","@id":"https:\/\/rimgailaitecostume.lt\/#\/schema\/logo\/image\/","url":"https:\/\/i0.wp.com\/rimgailaitecostume.lt\/wp-content\/uploads\/2023\/09\/Logo_geltonas_narcizas.png?fit=5038%2C3412&ssl=1","contentUrl":"https:\/\/i0.wp.com\/rimgailaitecostume.lt\/wp-content\/uploads\/2023\/09\/Logo_geltonas_narcizas.png?fit=5038%2C3412&ssl=1","width":5038,"height":3412,"caption":"Rimgailaite costume"},"image":{"@id":"https:\/\/rimgailaitecostume.lt\/#\/schema\/logo\/image\/"}}]}},"jetpack_sharing_enabled":true,"_links":{"self":[{"href":"https:\/\/rimgailaitecostume.lt\/en\/wp-json\/wp\/v2\/product\/2952"}],"collection":[{"href":"https:\/\/rimgailaitecostume.lt\/en\/wp-json\/wp\/v2\/product"}],"about":[{"href":"https:\/\/rimgailaitecostume.lt\/en\/wp-json\/wp\/v2\/types\/product"}],"wp:featuredmedia":[{"embeddable":true,"href":"https:\/\/rimgailaitecostume.lt\/en\/wp-json\/wp\/v2\/media\/2829"}],"wp:attachment":[{"href":"https:\/\/rimgailaitecostume.lt\/en\/wp-json\/wp\/v2\/media?parent=2952"}],"wp:term":[{"taxonomy":"product_cat","embeddable":true,"href":"https:\/\/rimgailaitecostume.lt\/en\/wp-json\/wp\/v2\/product_cat?post=2952"},{"taxonomy":"product_tag","embeddable":true,"href":"https:\/\/rimgailaitecostume.lt\/en\/wp-json\/wp\/v2\/product_tag?post=2952"}],"curies":[{"name":"wp","href":"https:\/\/api.w.org\/{rel}","templated":true}]}}