{"id":2950,"date":"2023-09-14T00:19:57","date_gmt":"2023-09-13T21:19:57","guid":{"rendered":"https:\/\/rimgailaitecostume.lt\/index.php\/product\/kostiumas-rozinis-narcizas\/"},"modified":"2024-07-08T22:55:47","modified_gmt":"2024-07-08T19:55:47","slug":"kostiumas-rozinis-narcizas","status":"publish","type":"product","link":"https:\/\/rimgailaitecostume.lt\/en\/product\/kostiumas-rozinis-narcizas\/","title":{"rendered":"Costume Pink daffodil"},"content":{"rendered":"<div><span lang=\"LT\">Value 650 EUR<\/span><\/div>","protected":false},"excerpt":{"rendered":"<p>Two-piece suit - corset and trousers. Made from Italian wool and polyester fabric. These qualities make it look great and wrinkle-free. The corset has buttons on the inside which help to reduce the length of the corset if necessary. The length of the trousers can be adjusted individually. The costume is particularly flattering to the silhouette and creates the illusion of an hourglass figure.<\/p>\n<p><a href=\"https:\/\/rimgailaitecostume.lt\/en\/kontaktai\/\"><br \/>\n<button style=\"background-color: #ffde00;color: white;border: none;padding: 10px 15px;cursor: pointer\">Rent<br \/>\n<\/button><br \/>\n<\/a><\/p>","protected":false},"featured_media":4730,"template":"","meta":[],"product_cat":[49],"product_tag":[],"yoast_head":"<!-- This site is optimized with the Yoast SEO Premium plugin v21.4 (Yoast SEO v21.4) - https:\/\/yoast.com\/wordpress\/plugins\/seo\/ -->\n<title>Kostiumas Ro\u017einis narcizas - Rimgailaite costume<\/title>\n<meta name=\"robots\" content=\"index, follow, max-snippet:-1, max-image-preview:large, max-video-preview:-1\" \/>\n<link rel=\"canonical\" href=\"https:\/\/rimgailaitecostume.lt\/en\/product\/kostiumas-rozinis-narcizas\/\" \/>\n<meta property=\"og:locale\" content=\"en_US\" \/>\n<meta property=\"og:type\" content=\"article\" \/>\n<meta property=\"og:title\" content=\"Kostiumas Ro\u017einis narcizas\" \/>\n<meta property=\"og:description\" content=\"Dviej\u0173 dali\u0173 kostiumas \u2013 korsetas ir keln\u0117s. Kostiumas pasi\u016btas i\u0161 Itali\u0161ko vilnos ir poliesterio audinio. D\u0117l \u0161i\u0173 savybi\u0173 puikiai atrodo ir nesiglam\u017eo. Korseto viduje yra sagos, kurios padeda, poreikiui esant, korset\u0105 suma\u017einti. Kelni\u0173 ilgis pritaikomas individualiai. Kostiumas ypatingai gerai dailina siluet\u0105 ir sukuria sm\u0117lio laikrod\u017eio fig\u016bros iliuzij\u0105.   Nuomotis\" \/>\n<meta property=\"og:url\" content=\"https:\/\/rimgailaitecostume.lt\/en\/product\/kostiumas-rozinis-narcizas\/\" \/>\n<meta property=\"og:site_name\" content=\"Rimgailaite costume\" \/>\n<meta property=\"article:modified_time\" content=\"2024-07-08T19:55:47+00:00\" \/>\n<meta property=\"og:image\" content=\"https:\/\/rimgailaitecostume.lt\/wp-content\/uploads\/2023\/09\/2024-06-17-Rimgailaite0004.jpg\" \/>\n\t<meta property=\"og:image:width\" content=\"1639\" \/>\n\t<meta property=\"og:image:height\" content=\"2048\" \/>\n\t<meta property=\"og:image:type\" content=\"image\/jpeg\" \/>\n<meta name=\"twitter:card\" content=\"summary_large_image\" \/>\n<meta name=\"twitter:label1\" content=\"Est. reading time\" \/>\n\t<meta name=\"twitter:data1\" content=\"1 minute\" \/>\n<script type=\"application\/ld+json\" class=\"yoast-schema-graph\">{\"@context\":\"https:\/\/schema.org\",\"@graph\":[{\"@type\":\"WebPage\",\"@id\":\"https:\/\/rimgailaitecostume.lt\/produktas\/kostiumas-rozinis-narcizas\/\",\"url\":\"https:\/\/rimgailaitecostume.lt\/produktas\/kostiumas-rozinis-narcizas\/\",\"name\":\"Kostiumas Ro\u017einis narcizas - Rimgailaite costume\",\"isPartOf\":{\"@id\":\"https:\/\/rimgailaitecostume.lt\/#website\"},\"datePublished\":\"2023-09-13T21:19:57+00:00\",\"dateModified\":\"2024-07-08T19:55:47+00:00\",\"breadcrumb\":{\"@id\":\"https:\/\/rimgailaitecostume.lt\/produktas\/kostiumas-rozinis-narcizas\/#breadcrumb\"},\"inLanguage\":\"en-US\",\"potentialAction\":[{\"@type\":\"ReadAction\",\"target\":[\"https:\/\/rimgailaitecostume.lt\/produktas\/kostiumas-rozinis-narcizas\/\"]}]},{\"@type\":\"BreadcrumbList\",\"@id\":\"https:\/\/rimgailaitecostume.lt\/produktas\/kostiumas-rozinis-narcizas\/#breadcrumb\",\"itemListElement\":[{\"@type\":\"ListItem\",\"position\":1,\"name\":\"Home\",\"item\":\"https:\/\/rimgailaitecostume.lt\/\"},{\"@type\":\"ListItem\",\"position\":2,\"name\":\"Nuoma\",\"item\":\"https:\/\/rimgailaitecostume.lt\/nuoma\/\"},{\"@type\":\"ListItem\",\"position\":3,\"name\":\"Kostiumas Ro\u017einis narcizas\"}]},{\"@type\":\"WebSite\",\"@id\":\"https:\/\/rimgailaitecostume.lt\/#website\",\"url\":\"https:\/\/rimgailaitecostume.lt\/\",\"name\":\"Rimgailaite costume\",\"description\":\"\",\"publisher\":{\"@id\":\"https:\/\/rimgailaitecostume.lt\/#organization\"},\"potentialAction\":[{\"@type\":\"SearchAction\",\"target\":{\"@type\":\"EntryPoint\",\"urlTemplate\":\"https:\/\/rimgailaitecostume.lt\/?s={search_term_string}\"},\"query-input\":\"required name=search_term_string\"}],\"inLanguage\":\"en-US\"},{\"@type\":\"Organization\",\"@id\":\"https:\/\/rimgailaitecostume.lt\/#organization\",\"name\":\"Rimgailaite costume\",\"url\":\"https:\/\/rimgailaitecostume.lt\/\",\"logo\":{\"@type\":\"ImageObject\",\"inLanguage\":\"en-US\",\"@id\":\"https:\/\/rimgailaitecostume.lt\/#\/schema\/logo\/image\/\",\"url\":\"https:\/\/i0.wp.com\/rimgailaitecostume.lt\/wp-content\/uploads\/2023\/09\/Logo_geltonas_narcizas.png?fit=5038%2C3412&ssl=1\",\"contentUrl\":\"https:\/\/i0.wp.com\/rimgailaitecostume.lt\/wp-content\/uploads\/2023\/09\/Logo_geltonas_narcizas.png?fit=5038%2C3412&ssl=1\",\"width\":5038,\"height\":3412,\"caption\":\"Rimgailaite costume\"},\"image\":{\"@id\":\"https:\/\/rimgailaitecostume.lt\/#\/schema\/logo\/image\/\"}}]}<\/script>\n<!-- \/ Yoast SEO Premium plugin. -->","yoast_head_json":{"title":"Kostiumas Ro\u017einis narcizas - Rimgailaite costume","robots":{"index":"index","follow":"follow","max-snippet":"max-snippet:-1","max-image-preview":"max-image-preview:large","max-video-preview":"max-video-preview:-1"},"canonical":"https:\/\/rimgailaitecostume.lt\/en\/product\/kostiumas-rozinis-narcizas\/","og_locale":"en_US","og_type":"article","og_title":"Kostiumas Ro\u017einis narcizas","og_description":"Dviej\u0173 dali\u0173 kostiumas \u2013 korsetas ir keln\u0117s. Kostiumas pasi\u016btas i\u0161 Itali\u0161ko vilnos ir poliesterio audinio. D\u0117l \u0161i\u0173 savybi\u0173 puikiai atrodo ir nesiglam\u017eo. Korseto viduje yra sagos, kurios padeda, poreikiui esant, korset\u0105 suma\u017einti. Kelni\u0173 ilgis pritaikomas individualiai. Kostiumas ypatingai gerai dailina siluet\u0105 ir sukuria sm\u0117lio laikrod\u017eio fig\u016bros iliuzij\u0105.   Nuomotis","og_url":"https:\/\/rimgailaitecostume.lt\/en\/product\/kostiumas-rozinis-narcizas\/","og_site_name":"Rimgailaite costume","article_modified_time":"2024-07-08T19:55:47+00:00","og_image":[{"url":"https:\/\/rimgailaitecostume.lt\/wp-content\/uploads\/2023\/09\/2024-06-17-Rimgailaite0004.jpg","width":1639,"height":2048,"type":"image\/jpeg"}],"twitter_card":"summary_large_image","twitter_misc":{"Est. reading time":"1 minute"},"schema":{"@context":"https:\/\/schema.org","@graph":[{"@type":"WebPage","@id":"https:\/\/rimgailaitecostume.lt\/produktas\/kostiumas-rozinis-narcizas\/","url":"https:\/\/rimgailaitecostume.lt\/produktas\/kostiumas-rozinis-narcizas\/","name":"Kostiumas Ro\u017einis narcizas - Rimgailaite costume","isPartOf":{"@id":"https:\/\/rimgailaitecostume.lt\/#website"},"datePublished":"2023-09-13T21:19:57+00:00","dateModified":"2024-07-08T19:55:47+00:00","breadcrumb":{"@id":"https:\/\/rimgailaitecostume.lt\/produktas\/kostiumas-rozinis-narcizas\/#breadcrumb"},"inLanguage":"en-US","potentialAction":[{"@type":"ReadAction","target":["https:\/\/rimgailaitecostume.lt\/produktas\/kostiumas-rozinis-narcizas\/"]}]},{"@type":"BreadcrumbList","@id":"https:\/\/rimgailaitecostume.lt\/produktas\/kostiumas-rozinis-narcizas\/#breadcrumb","itemListElement":[{"@type":"ListItem","position":1,"name":"Home","item":"https:\/\/rimgailaitecostume.lt\/"},{"@type":"ListItem","position":2,"name":"Nuoma","item":"https:\/\/rimgailaitecostume.lt\/nuoma\/"},{"@type":"ListItem","position":3,"name":"Kostiumas Ro\u017einis narcizas"}]},{"@type":"WebSite","@id":"https:\/\/rimgailaitecostume.lt\/#website","url":"https:\/\/rimgailaitecostume.lt\/","name":"Rimgailaite costume","description":"","publisher":{"@id":"https:\/\/rimgailaitecostume.lt\/#organization"},"potentialAction":[{"@type":"SearchAction","target":{"@type":"EntryPoint","urlTemplate":"https:\/\/rimgailaitecostume.lt\/?s={search_term_string}"},"query-input":"required name=search_term_string"}],"inLanguage":"en-US"},{"@type":"Organization","@id":"https:\/\/rimgailaitecostume.lt\/#organization","name":"Rimgailaite costume","url":"https:\/\/rimgailaitecostume.lt\/","logo":{"@type":"ImageObject","inLanguage":"en-US","@id":"https:\/\/rimgailaitecostume.lt\/#\/schema\/logo\/image\/","url":"https:\/\/i0.wp.com\/rimgailaitecostume.lt\/wp-content\/uploads\/2023\/09\/Logo_geltonas_narcizas.png?fit=5038%2C3412&ssl=1","contentUrl":"https:\/\/i0.wp.com\/rimgailaitecostume.lt\/wp-content\/uploads\/2023\/09\/Logo_geltonas_narcizas.png?fit=5038%2C3412&ssl=1","width":5038,"height":3412,"caption":"Rimgailaite costume"},"image":{"@id":"https:\/\/rimgailaitecostume.lt\/#\/schema\/logo\/image\/"}}]}},"jetpack_sharing_enabled":true,"_links":{"self":[{"href":"https:\/\/rimgailaitecostume.lt\/en\/wp-json\/wp\/v2\/product\/2950"}],"collection":[{"href":"https:\/\/rimgailaitecostume.lt\/en\/wp-json\/wp\/v2\/product"}],"about":[{"href":"https:\/\/rimgailaitecostume.lt\/en\/wp-json\/wp\/v2\/types\/product"}],"wp:featuredmedia":[{"embeddable":true,"href":"https:\/\/rimgailaitecostume.lt\/en\/wp-json\/wp\/v2\/media\/4730"}],"wp:attachment":[{"href":"https:\/\/rimgailaitecostume.lt\/en\/wp-json\/wp\/v2\/media?parent=2950"}],"wp:term":[{"taxonomy":"product_cat","embeddable":true,"href":"https:\/\/rimgailaitecostume.lt\/en\/wp-json\/wp\/v2\/product_cat?post=2950"},{"taxonomy":"product_tag","embeddable":true,"href":"https:\/\/rimgailaitecostume.lt\/en\/wp-json\/wp\/v2\/product_tag?post=2950"}],"curies":[{"name":"wp","href":"https:\/\/api.w.org\/{rel}","templated":true}]}}