{"id":2945,"date":"2023-09-14T00:19:57","date_gmt":"2023-09-13T21:19:57","guid":{"rendered":"https:\/\/rimgailaitecostume.lt\/index.php\/product\/kostiumas-balta\/"},"modified":"2023-11-07T01:39:49","modified_gmt":"2023-11-06T23:39:49","slug":"kostiumas-balta","status":"publish","type":"product","link":"https:\/\/rimgailaitecostume.lt\/en\/product\/kostiumas-balta\/","title":{"rendered":"Costume White"},"content":{"rendered":"<div><span lang=\"LT\">Value 400 EUR<\/span><\/div>","protected":false},"excerpt":{"rendered":"<p>&nbsp;<\/p>\n<p style=\"font-weight: 400\">Two-piece suit - corset and trousers. Corset size adjustable. Fits sizes XS - L. The corset is made of a playful and exquisite tassel fabric. The trousers are classic, made of Italian wool and polyester fabric. These qualities make them look great and do not wrinkle. The length of the trousers can be adjusted individually.<\/p>\n<p><a href=\"https:\/\/rimgailaitecostume.lt\/en\/kontaktai\/\"><button style=\"background-color: #ffde00;color: white;border: none;padding: 10px 15px;cursor: pointer\">Rent<br \/>\n<\/button><br \/>\n<\/a><\/p>","protected":false},"featured_media":3150,"template":"","meta":[],"product_cat":[49],"product_tag":[],"yoast_head":"<!-- This site is optimized with the Yoast SEO Premium plugin v21.4 (Yoast SEO v21.4) - https:\/\/yoast.com\/wordpress\/plugins\/seo\/ -->\n<title>Kostiumas Balta - Rimgailaite costume<\/title>\n<meta name=\"robots\" content=\"index, follow, max-snippet:-1, max-image-preview:large, max-video-preview:-1\" \/>\n<link rel=\"canonical\" href=\"https:\/\/rimgailaitecostume.lt\/en\/product\/kostiumas-balta\/\" \/>\n<meta property=\"og:locale\" content=\"en_US\" \/>\n<meta property=\"og:type\" content=\"article\" \/>\n<meta property=\"og:title\" content=\"Kostiumas Balta\" \/>\n<meta property=\"og:description\" content=\"&nbsp; Dviej\u0173 dali\u0173 kostiumas \u2013 korsetas ir keln\u0117s. Korseto dydis reguliuojamas. Puikiai tinka XS \u2013 L dyd\u017eiams. Korsetas pasi\u016btas i\u0161 \u017eaismingo ir i\u0161skirtinio kut\u0173 audinio. Keln\u0117s \u2013 klasikin\u0117s, pagamintos i\u0161 Itali\u0161ko vilnos ir poliesterio audinio. D\u0117l \u0161i\u0173 savybi\u0173 puikiai atrodo ir nesiglam\u017eo. Kelni\u0173 ilgis pritaikomas individualiai. Nuomotis\" \/>\n<meta property=\"og:url\" content=\"https:\/\/rimgailaitecostume.lt\/en\/product\/kostiumas-balta\/\" \/>\n<meta property=\"og:site_name\" content=\"Rimgailaite costume\" \/>\n<meta property=\"article:modified_time\" content=\"2023-11-06T23:39:49+00:00\" \/>\n<meta property=\"og:image\" content=\"https:\/\/rimgailaitecostume.lt\/wp-content\/uploads\/2023\/10\/Kostiumas-Balta.jpg\" \/>\n\t<meta property=\"og:image:width\" content=\"1440\" \/>\n\t<meta property=\"og:image:height\" content=\"1801\" \/>\n\t<meta property=\"og:image:type\" content=\"image\/jpeg\" \/>\n<meta name=\"twitter:card\" content=\"summary_large_image\" \/>\n<script type=\"application\/ld+json\" class=\"yoast-schema-graph\">{\"@context\":\"https:\/\/schema.org\",\"@graph\":[{\"@type\":\"WebPage\",\"@id\":\"https:\/\/rimgailaitecostume.lt\/produktas\/kostiumas-balta\/\",\"url\":\"https:\/\/rimgailaitecostume.lt\/produktas\/kostiumas-balta\/\",\"name\":\"Kostiumas Balta - Rimgailaite costume\",\"isPartOf\":{\"@id\":\"https:\/\/rimgailaitecostume.lt\/#website\"},\"datePublished\":\"2023-09-13T21:19:57+00:00\",\"dateModified\":\"2023-11-06T23:39:49+00:00\",\"breadcrumb\":{\"@id\":\"https:\/\/rimgailaitecostume.lt\/produktas\/kostiumas-balta\/#breadcrumb\"},\"inLanguage\":\"en-US\",\"potentialAction\":[{\"@type\":\"ReadAction\",\"target\":[\"https:\/\/rimgailaitecostume.lt\/produktas\/kostiumas-balta\/\"]}]},{\"@type\":\"BreadcrumbList\",\"@id\":\"https:\/\/rimgailaitecostume.lt\/produktas\/kostiumas-balta\/#breadcrumb\",\"itemListElement\":[{\"@type\":\"ListItem\",\"position\":1,\"name\":\"Home\",\"item\":\"https:\/\/rimgailaitecostume.lt\/\"},{\"@type\":\"ListItem\",\"position\":2,\"name\":\"Nuoma\",\"item\":\"https:\/\/rimgailaitecostume.lt\/nuoma\/\"},{\"@type\":\"ListItem\",\"position\":3,\"name\":\"Kostiumas Balta\"}]},{\"@type\":\"WebSite\",\"@id\":\"https:\/\/rimgailaitecostume.lt\/#website\",\"url\":\"https:\/\/rimgailaitecostume.lt\/\",\"name\":\"Rimgailaite costume\",\"description\":\"\",\"publisher\":{\"@id\":\"https:\/\/rimgailaitecostume.lt\/#organization\"},\"potentialAction\":[{\"@type\":\"SearchAction\",\"target\":{\"@type\":\"EntryPoint\",\"urlTemplate\":\"https:\/\/rimgailaitecostume.lt\/?s={search_term_string}\"},\"query-input\":\"required name=search_term_string\"}],\"inLanguage\":\"en-US\"},{\"@type\":\"Organization\",\"@id\":\"https:\/\/rimgailaitecostume.lt\/#organization\",\"name\":\"Rimgailaite costume\",\"url\":\"https:\/\/rimgailaitecostume.lt\/\",\"logo\":{\"@type\":\"ImageObject\",\"inLanguage\":\"en-US\",\"@id\":\"https:\/\/rimgailaitecostume.lt\/#\/schema\/logo\/image\/\",\"url\":\"https:\/\/i0.wp.com\/rimgailaitecostume.lt\/wp-content\/uploads\/2023\/09\/Logo_geltonas_narcizas.png?fit=5038%2C3412&ssl=1\",\"contentUrl\":\"https:\/\/i0.wp.com\/rimgailaitecostume.lt\/wp-content\/uploads\/2023\/09\/Logo_geltonas_narcizas.png?fit=5038%2C3412&ssl=1\",\"width\":5038,\"height\":3412,\"caption\":\"Rimgailaite costume\"},\"image\":{\"@id\":\"https:\/\/rimgailaitecostume.lt\/#\/schema\/logo\/image\/\"}}]}<\/script>\n<!-- \/ Yoast SEO Premium plugin. -->","yoast_head_json":{"title":"Kostiumas Balta - Rimgailaite costume","robots":{"index":"index","follow":"follow","max-snippet":"max-snippet:-1","max-image-preview":"max-image-preview:large","max-video-preview":"max-video-preview:-1"},"canonical":"https:\/\/rimgailaitecostume.lt\/en\/product\/kostiumas-balta\/","og_locale":"en_US","og_type":"article","og_title":"Kostiumas Balta","og_description":"&nbsp; Dviej\u0173 dali\u0173 kostiumas \u2013 korsetas ir keln\u0117s. Korseto dydis reguliuojamas. Puikiai tinka XS \u2013 L dyd\u017eiams. Korsetas pasi\u016btas i\u0161 \u017eaismingo ir i\u0161skirtinio kut\u0173 audinio. Keln\u0117s \u2013 klasikin\u0117s, pagamintos i\u0161 Itali\u0161ko vilnos ir poliesterio audinio. D\u0117l \u0161i\u0173 savybi\u0173 puikiai atrodo ir nesiglam\u017eo. Kelni\u0173 ilgis pritaikomas individualiai. Nuomotis","og_url":"https:\/\/rimgailaitecostume.lt\/en\/product\/kostiumas-balta\/","og_site_name":"Rimgailaite costume","article_modified_time":"2023-11-06T23:39:49+00:00","og_image":[{"width":1440,"height":1801,"url":"https:\/\/rimgailaitecostume.lt\/wp-content\/uploads\/2023\/10\/Kostiumas-Balta.jpg","type":"image\/jpeg"}],"twitter_card":"summary_large_image","schema":{"@context":"https:\/\/schema.org","@graph":[{"@type":"WebPage","@id":"https:\/\/rimgailaitecostume.lt\/produktas\/kostiumas-balta\/","url":"https:\/\/rimgailaitecostume.lt\/produktas\/kostiumas-balta\/","name":"Kostiumas Balta - Rimgailaite costume","isPartOf":{"@id":"https:\/\/rimgailaitecostume.lt\/#website"},"datePublished":"2023-09-13T21:19:57+00:00","dateModified":"2023-11-06T23:39:49+00:00","breadcrumb":{"@id":"https:\/\/rimgailaitecostume.lt\/produktas\/kostiumas-balta\/#breadcrumb"},"inLanguage":"en-US","potentialAction":[{"@type":"ReadAction","target":["https:\/\/rimgailaitecostume.lt\/produktas\/kostiumas-balta\/"]}]},{"@type":"BreadcrumbList","@id":"https:\/\/rimgailaitecostume.lt\/produktas\/kostiumas-balta\/#breadcrumb","itemListElement":[{"@type":"ListItem","position":1,"name":"Home","item":"https:\/\/rimgailaitecostume.lt\/"},{"@type":"ListItem","position":2,"name":"Nuoma","item":"https:\/\/rimgailaitecostume.lt\/nuoma\/"},{"@type":"ListItem","position":3,"name":"Kostiumas Balta"}]},{"@type":"WebSite","@id":"https:\/\/rimgailaitecostume.lt\/#website","url":"https:\/\/rimgailaitecostume.lt\/","name":"Rimgailaite costume","description":"","publisher":{"@id":"https:\/\/rimgailaitecostume.lt\/#organization"},"potentialAction":[{"@type":"SearchAction","target":{"@type":"EntryPoint","urlTemplate":"https:\/\/rimgailaitecostume.lt\/?s={search_term_string}"},"query-input":"required name=search_term_string"}],"inLanguage":"en-US"},{"@type":"Organization","@id":"https:\/\/rimgailaitecostume.lt\/#organization","name":"Rimgailaite costume","url":"https:\/\/rimgailaitecostume.lt\/","logo":{"@type":"ImageObject","inLanguage":"en-US","@id":"https:\/\/rimgailaitecostume.lt\/#\/schema\/logo\/image\/","url":"https:\/\/i0.wp.com\/rimgailaitecostume.lt\/wp-content\/uploads\/2023\/09\/Logo_geltonas_narcizas.png?fit=5038%2C3412&ssl=1","contentUrl":"https:\/\/i0.wp.com\/rimgailaitecostume.lt\/wp-content\/uploads\/2023\/09\/Logo_geltonas_narcizas.png?fit=5038%2C3412&ssl=1","width":5038,"height":3412,"caption":"Rimgailaite costume"},"image":{"@id":"https:\/\/rimgailaitecostume.lt\/#\/schema\/logo\/image\/"}}]}},"jetpack_sharing_enabled":true,"_links":{"self":[{"href":"https:\/\/rimgailaitecostume.lt\/en\/wp-json\/wp\/v2\/product\/2945"}],"collection":[{"href":"https:\/\/rimgailaitecostume.lt\/en\/wp-json\/wp\/v2\/product"}],"about":[{"href":"https:\/\/rimgailaitecostume.lt\/en\/wp-json\/wp\/v2\/types\/product"}],"wp:featuredmedia":[{"embeddable":true,"href":"https:\/\/rimgailaitecostume.lt\/en\/wp-json\/wp\/v2\/media\/3150"}],"wp:attachment":[{"href":"https:\/\/rimgailaitecostume.lt\/en\/wp-json\/wp\/v2\/media?parent=2945"}],"wp:term":[{"taxonomy":"product_cat","embeddable":true,"href":"https:\/\/rimgailaitecostume.lt\/en\/wp-json\/wp\/v2\/product_cat?post=2945"},{"taxonomy":"product_tag","embeddable":true,"href":"https:\/\/rimgailaitecostume.lt\/en\/wp-json\/wp\/v2\/product_tag?post=2945"}],"curies":[{"name":"wp","href":"https:\/\/api.w.org\/{rel}","templated":true}]}}